{"id":232,"date":"2024-07-12T22:14:57","date_gmt":"2024-07-12T22:14:57","guid":{"rendered":"https:\/\/juvenise.pl\/?page_id=232"},"modified":"2024-07-12T22:14:58","modified_gmt":"2024-07-12T22:14:58","slug":"lifting-rzes","status":"publish","type":"page","link":"https:\/\/juvenise.pl\/index.php\/lifting-rzes\/","title":{"rendered":"Lifting rz\u0119s"},"content":{"rendered":"\n<p>Nieinwazyjny zabieg naturalnie podkr\u0119caj\u0105cy i pogrubiaj\u0105cy naturalne rz\u0119sy. Po zabiegu rz\u0119sy s\u0105 widocznie uniesione, wyd\u0142u\u017cone, podkr\u0119cone, a jednocze\u015bnie prezentuj\u0105 si\u0119 bardzo naturalnie. Spojrzenie staje si\u0119 bardziej wyraziste. Efekt liftingu utrzymuje si\u0119 nawet do 8 tygodni. Przebieg zabiegu w naszym gabinecie: Demakija\u017c rz\u0119s i ich odt\u0142uszczenie. Na\u0142o\u017cenie wa\u0142eczk\u00f3w o rozmiarach: S, M lub L Na\u0142o\u017cenie specjalistycznej saszetki. Na\u0142o\u017cenie saszetki utrwalaj\u0105cej uzyskany skr\u0119t. Henna rz\u0119s. Na zako\u0144czenie zabiegu botox i keratyna.<\/p>\n","protected":false},"excerpt":{"rendered":"<p>Nieinwazyjny zabieg naturalnie podkr\u0119caj\u0105cy i pogrubiaj\u0105cy naturalne rz\u0119sy. Po zabiegu rz\u0119sy s\u0105 widocznie uniesione, wyd\u0142u\u017cone, podkr\u0119cone, a jednocze\u015bnie prezentuj\u0105 si\u0119<\/p>\n<p><a href=\"https:\/\/juvenise.pl\/index.php\/lifting-rzes\/\" class=\"more-link\">Continue reading<span class=\"screen-reader-text\">Lifting rz\u0119s<\/span><\/a><\/p>\n","protected":false},"author":1,"featured_media":0,"parent":0,"menu_order":0,"comment_status":"closed","ping_status":"closed","template":"","meta":{"om_disable_all_campaigns":false,"_monsterinsights_skip_tracking":false,"_monsterinsights_sitenote_active":false,"_monsterinsights_sitenote_note":"","_monsterinsights_sitenote_category":0},"aioseo_notices":[],"_links":{"self":[{"href":"https:\/\/juvenise.pl\/index.php\/wp-json\/wp\/v2\/pages\/232"}],"collection":[{"href":"https:\/\/juvenise.pl\/index.php\/wp-json\/wp\/v2\/pages"}],"about":[{"href":"https:\/\/juvenise.pl\/index.php\/wp-json\/wp\/v2\/types\/page"}],"author":[{"embeddable":true,"href":"https:\/\/juvenise.pl\/index.php\/wp-json\/wp\/v2\/users\/1"}],"replies":[{"embeddable":true,"href":"https:\/\/juvenise.pl\/index.php\/wp-json\/wp\/v2\/comments?post=232"}],"version-history":[{"count":1,"href":"https:\/\/juvenise.pl\/index.php\/wp-json\/wp\/v2\/pages\/232\/revisions"}],"predecessor-version":[{"id":234,"href":"https:\/\/juvenise.pl\/index.php\/wp-json\/wp\/v2\/pages\/232\/revisions\/234"}],"wp:attachment":[{"href":"https:\/\/juvenise.pl\/index.php\/wp-json\/wp\/v2\/media?parent=232"}],"curies":[{"name":"wp","href":"https:\/\/api.w.org\/{rel}","templated":true}]}}