{"id":195,"date":"2024-07-12T22:09:48","date_gmt":"2024-07-12T22:09:48","guid":{"rendered":"https:\/\/juvenise.pl\/?page_id=195"},"modified":"2024-07-17T21:07:54","modified_gmt":"2024-07-17T21:07:54","slug":"masaz-relaksacyjny-twarzy","status":"publish","type":"page","link":"https:\/\/juvenise.pl\/index.php\/masaz-relaksacyjny-twarzy\/","title":{"rendered":"Masa\u017c relaksacyjny twarzy- Pozw\u00f3l sobie na relaks"},"content":{"rendered":"\n<p><\/p>\n\n\n\n<p><\/p>\n\n\n\n<div class=\"wp-block-media-text alignwide is-stacked-on-mobile\" id=\"https:\/\/booksy.com\/pl-pl\/202648_juvenise_salon-kosmetyczny_3_warszawa-ba_s=sr_1\"><figure class=\"wp-block-media-text__media\"><img decoding=\"async\" loading=\"lazy\" width=\"786\" height=\"1024\" src=\"https:\/\/juvenise.pl\/wp-content\/uploads\/2024\/07\/masaz-786x1024.jpg\" alt=\"\" class=\"wp-image-283 size-full\" srcset=\"https:\/\/juvenise.pl\/wp-content\/uploads\/2024\/07\/masaz-786x1024.jpg 786w, https:\/\/juvenise.pl\/wp-content\/uploads\/2024\/07\/masaz-230x300.jpg 230w, https:\/\/juvenise.pl\/wp-content\/uploads\/2024\/07\/masaz-768x1001.jpg 768w, https:\/\/juvenise.pl\/wp-content\/uploads\/2024\/07\/masaz.jpg 904w\" sizes=\"(max-width: 786px) 100vw, 786px\" \/><\/figure><div class=\"wp-block-media-text__content\">\n<p class=\"has-medium-font-size\"><strong>Masa\u017c relaksacyjny twarzy<\/strong>, szyi i dekoltu nale\u017cy do grupy zabieg\u00f3w g\u0142\u0119boko relaksuj\u0105cych. Dobroczynnie dzia\u0142a na sk\u00f3r\u0119, tkank\u0119 podsk\u00f3rn\u0105, powi\u0119zie oraz mi\u0119\u015bnie. Poprawia koloryt, uelastycznia tkanki i delikatnie wyg\u0142adza. Usprawnia kr\u0105\u017cenie krwi, przez co twarz jest dotleniona i od\u017cywiona. Sprawdzi si\u0119 w niwelowaniu work\u00f3w pod oczami, zmniejszaj\u0105c obrz\u0119ki limfatyczne i opuchlizn\u0119, przywraca zdrowy wygl\u0105d, usuwa martwy nask\u00f3rek.\u00a0 Dzia\u0142a leczniczo, zmniejszaj\u0105c napi\u0119cie mi\u0119\u015bniowe, wp\u0142ywaj\u0105c koj\u0105co na b\u00f3le g\u0142owy i spi\u0119cia karku.<\/p>\n<div class=\"wp-block-button\"><a class=\"wp-block-button__link has-background wp-element-button\" style=\"background:linear-gradient(135deg,rgb(248,198,62) 0%,rgb(244,206,125) 99%)\">Um\u00f3w wizyt\u0119<\/a><\/div>\n<\/div><\/div>\n","protected":false},"excerpt":{"rendered":"<p>Masa\u017c relaksacyjny twarzy, szyi i dekoltu nale\u017cy do grupy zabieg\u00f3w g\u0142\u0119boko relaksuj\u0105cych. Dobroczynnie dzia\u0142a na sk\u00f3r\u0119, tkank\u0119 podsk\u00f3rn\u0105, powi\u0119zie oraz<\/p>\n<p><a href=\"https:\/\/juvenise.pl\/index.php\/masaz-relaksacyjny-twarzy\/\" class=\"more-link\">Continue reading<span class=\"screen-reader-text\">Masa\u017c relaksacyjny twarzy- Pozw\u00f3l sobie na relaks<\/span><\/a><\/p>\n","protected":false},"author":1,"featured_media":0,"parent":0,"menu_order":0,"comment_status":"closed","ping_status":"closed","template":"","meta":{"om_disable_all_campaigns":false,"_monsterinsights_skip_tracking":false,"_monsterinsights_sitenote_active":false,"_monsterinsights_sitenote_note":"","_monsterinsights_sitenote_category":0},"aioseo_notices":[],"_links":{"self":[{"href":"https:\/\/juvenise.pl\/index.php\/wp-json\/wp\/v2\/pages\/195"}],"collection":[{"href":"https:\/\/juvenise.pl\/index.php\/wp-json\/wp\/v2\/pages"}],"about":[{"href":"https:\/\/juvenise.pl\/index.php\/wp-json\/wp\/v2\/types\/page"}],"author":[{"embeddable":true,"href":"https:\/\/juvenise.pl\/index.php\/wp-json\/wp\/v2\/users\/1"}],"replies":[{"embeddable":true,"href":"https:\/\/juvenise.pl\/index.php\/wp-json\/wp\/v2\/comments?post=195"}],"version-history":[{"count":18,"href":"https:\/\/juvenise.pl\/index.php\/wp-json\/wp\/v2\/pages\/195\/revisions"}],"predecessor-version":[{"id":303,"href":"https:\/\/juvenise.pl\/index.php\/wp-json\/wp\/v2\/pages\/195\/revisions\/303"}],"wp:attachment":[{"href":"https:\/\/juvenise.pl\/index.php\/wp-json\/wp\/v2\/media?parent=195"}],"curies":[{"name":"wp","href":"https:\/\/api.w.org\/{rel}","templated":true}]}}