{"id":192,"date":"2024-07-12T22:09:34","date_gmt":"2024-07-12T22:09:34","guid":{"rendered":"https:\/\/juvenise.pl\/?page_id=192"},"modified":"2024-07-12T22:09:35","modified_gmt":"2024-07-12T22:09:35","slug":"masaz-relaksacyjny-calego-ciala","status":"publish","type":"page","link":"https:\/\/juvenise.pl\/index.php\/masaz-relaksacyjny-calego-ciala\/","title":{"rendered":"Masa\u017c relaksacyjny ca\u0142ego cia\u0142a"},"content":{"rendered":"\n<p>Relaks calego ciala, kt\u00f3ry \u0142\u0105czy zalety masa\u017cu klasycznego z g\u0142\u0119bokim odpr\u0119\u017ceniem i rozlu\u017anieniem. Spokojne tempo oraz mi\u0119kkie, p\u0142ynne ruchy dzia\u0142aj\u0105 uspokajaj\u0105co i wyciszaj\u0105co. Sprzyja regeneracji, likwiduje negatywne skutki przem\u0119czenia oraz przepracowania. Doskonale dotlenia ca\u0142y organizm i obni\u017ca napi\u0119cie mi\u0119\u015bni. Pozwala zatrzyma\u0107 si\u0119 na chwil\u0119 w dzisiejszym zabieganym \u015bwiecie, kt\u00f3remu towarzyszy po\u015bpiech i ci\u0105g\u0142y stres.<\/p>\n","protected":false},"excerpt":{"rendered":"<p>Relaks calego ciala, kt\u00f3ry \u0142\u0105czy zalety masa\u017cu klasycznego z g\u0142\u0119bokim odpr\u0119\u017ceniem i rozlu\u017anieniem. Spokojne tempo oraz mi\u0119kkie, p\u0142ynne ruchy dzia\u0142aj\u0105<\/p>\n<p><a href=\"https:\/\/juvenise.pl\/index.php\/masaz-relaksacyjny-calego-ciala\/\" class=\"more-link\">Continue reading<span class=\"screen-reader-text\">Masa\u017c relaksacyjny ca\u0142ego cia\u0142a<\/span><\/a><\/p>\n","protected":false},"author":1,"featured_media":0,"parent":0,"menu_order":0,"comment_status":"closed","ping_status":"closed","template":"","meta":{"om_disable_all_campaigns":false,"_monsterinsights_skip_tracking":false,"_monsterinsights_sitenote_active":false,"_monsterinsights_sitenote_note":"","_monsterinsights_sitenote_category":0},"aioseo_notices":[],"_links":{"self":[{"href":"https:\/\/juvenise.pl\/index.php\/wp-json\/wp\/v2\/pages\/192"}],"collection":[{"href":"https:\/\/juvenise.pl\/index.php\/wp-json\/wp\/v2\/pages"}],"about":[{"href":"https:\/\/juvenise.pl\/index.php\/wp-json\/wp\/v2\/types\/page"}],"author":[{"embeddable":true,"href":"https:\/\/juvenise.pl\/index.php\/wp-json\/wp\/v2\/users\/1"}],"replies":[{"embeddable":true,"href":"https:\/\/juvenise.pl\/index.php\/wp-json\/wp\/v2\/comments?post=192"}],"version-history":[{"count":1,"href":"https:\/\/juvenise.pl\/index.php\/wp-json\/wp\/v2\/pages\/192\/revisions"}],"predecessor-version":[{"id":194,"href":"https:\/\/juvenise.pl\/index.php\/wp-json\/wp\/v2\/pages\/192\/revisions\/194"}],"wp:attachment":[{"href":"https:\/\/juvenise.pl\/index.php\/wp-json\/wp\/v2\/media?parent=192"}],"curies":[{"name":"wp","href":"https:\/\/api.w.org\/{rel}","templated":true}]}}