{"id":177,"date":"2024-07-12T22:07:47","date_gmt":"2024-07-12T22:07:47","guid":{"rendered":"https:\/\/juvenise.pl\/?page_id=177"},"modified":"2024-07-12T22:07:48","modified_gmt":"2024-07-12T22:07:48","slug":"zabieg-pielegnacyjny","status":"publish","type":"page","link":"https:\/\/juvenise.pl\/index.php\/zabieg-pielegnacyjny\/","title":{"rendered":"Zabieg piel\u0119gnacyjny"},"content":{"rendered":"\n<h2 class=\"wp-block-heading\">+ masa\u017c twarzy<\/h2>\n\n\n\n<p>Celem zabiegu jest poprawa wygl\u0105du sk\u00f3ry, zapobieganie powstawaniu zmarszczek, a przede wszystkim jest to doskona\u0142y spos\u00f3b na relaks i zmniejszenie napi\u0119cia mi\u0119\u015bniowego. Zabieg piel\u0119gnacyjny po\u0142\u0105czony z masa\u017cem ma dzia\u0142anie pobudzaj\u0105ce mi\u0119\u015bnie i kom\u00f3rki sk\u00f3ry do pracy, co pozwoli tym samym zyska\u0107 \u015bwie\u017cy, m\u0142ody wygl\u0105d. Przebieg zabiegu w gabinecie Juvenise: Oczyszczenie sk\u00f3ry preparatami odpowiednio dobranymi do potrzeb sk\u00f3ry. Tonizacja sk\u00f3ry. Od\u015bwie\u017cenie sk\u00f3ry mikropeelingiem, kt\u00f3rego zadaniem jest usuni\u0119cie martwych kom\u00f3rek nask\u00f3rka, tym samym od\u015bwie\u017cenie sk\u00f3ry, wyg\u0142adzenie nier\u00f3wno\u015bci i przywr\u00f3cenie naturalnego roz\u015bwietlenia. Masa\u017c twarzy (20 minut) ampu\u0142k\u0105 z proteoglikanami w po\u0142\u0105czeniu z witamin\u0105 C i F, zapewni efekt liftingu, poprawy napi\u0119cia oraz uj\u0119drnienia. Dodatkowym atutem jest intensywne nawil\u017cenie kom\u00f3rek sk\u00f3ry na ka\u017cdym jej poziomie. Na zako\u0144czenie krem od\u015bwie\u017caj\u0105co-rewitalizuj\u0105cy.<\/p>\n","protected":false},"excerpt":{"rendered":"<p>+ masa\u017c twarzy Celem zabiegu jest poprawa wygl\u0105du sk\u00f3ry, zapobieganie powstawaniu zmarszczek, a przede wszystkim jest to doskona\u0142y spos\u00f3b na<\/p>\n<p><a href=\"https:\/\/juvenise.pl\/index.php\/zabieg-pielegnacyjny\/\" class=\"more-link\">Continue reading<span class=\"screen-reader-text\">Zabieg piel\u0119gnacyjny<\/span><\/a><\/p>\n","protected":false},"author":1,"featured_media":0,"parent":0,"menu_order":0,"comment_status":"closed","ping_status":"closed","template":"","meta":{"om_disable_all_campaigns":false,"_monsterinsights_skip_tracking":false,"_monsterinsights_sitenote_active":false,"_monsterinsights_sitenote_note":"","_monsterinsights_sitenote_category":0},"aioseo_notices":[],"_links":{"self":[{"href":"https:\/\/juvenise.pl\/index.php\/wp-json\/wp\/v2\/pages\/177"}],"collection":[{"href":"https:\/\/juvenise.pl\/index.php\/wp-json\/wp\/v2\/pages"}],"about":[{"href":"https:\/\/juvenise.pl\/index.php\/wp-json\/wp\/v2\/types\/page"}],"author":[{"embeddable":true,"href":"https:\/\/juvenise.pl\/index.php\/wp-json\/wp\/v2\/users\/1"}],"replies":[{"embeddable":true,"href":"https:\/\/juvenise.pl\/index.php\/wp-json\/wp\/v2\/comments?post=177"}],"version-history":[{"count":1,"href":"https:\/\/juvenise.pl\/index.php\/wp-json\/wp\/v2\/pages\/177\/revisions"}],"predecessor-version":[{"id":179,"href":"https:\/\/juvenise.pl\/index.php\/wp-json\/wp\/v2\/pages\/177\/revisions\/179"}],"wp:attachment":[{"href":"https:\/\/juvenise.pl\/index.php\/wp-json\/wp\/v2\/media?parent=177"}],"curies":[{"name":"wp","href":"https:\/\/api.w.org\/{rel}","templated":true}]}}